{"id":157684,"date":"2025-04-28T19:08:45","date_gmt":"2025-04-28T19:08:45","guid":{"rendered":"https:\/\/mx.software.com.br\/produto\/chitubox\/"},"modified":"2025-04-28T19:08:45","modified_gmt":"2025-04-28T19:08:45","slug":"chitubox","status":"publish","type":"product","link":"https:\/\/software.com.mx\/en\/produto\/chitubox\/","title":{"rendered":"ChituBox"},"content":{"rendered":"<p><strong>CHITUBOX B\u00e1sico<br \/>\n<\/strong><\/p>\n<p><strong><\/strong><\/p>\n<p>CHITUBOX Basic, una herramienta de preparaci\u00f3n de impresi\u00f3n 3D con todas las funciones, est\u00e1 dise\u00f1ada para editar y dividir sus modelos con solo unos pocos clics del mouse.\n<\/p>\n<p><strong>CHITUBOX Pro<br \/>\n<\/strong><\/p>\n<p>Un revolucionario programa de preparaci\u00f3n de impresi\u00f3n 3D con funciones potentes y abundantes que le brindan m\u00e1s libertad y habilidades sobre c\u00f3mo procesar sus datos de impresi\u00f3n 3D.<\/p>","protected":false},"excerpt":{"rendered":"<p><strong>Software CHITUBOX<br \/>\n<\/strong><\/p>\n<p><strong><\/strong><\/p>\n<p>Una manera poderosa y f\u00e1cil de prepararse para la impresi\u00f3n 3D SLA\/DLP\/LCD<\/p>","protected":false},"featured_media":157685,"comment_status":"open","ping_status":"closed","template":"","meta":{"_acf_changed":false},"segmento":[],"product_cat":[48462,48452],"product_tag":[],"class_list":{"0":"post-157684","1":"product","2":"type-product","3":"status-publish","4":"has-post-thumbnail","6":"negocios-innovacion-e-id","7":"negocios-produccion-ingenieria-calidad","8":"negocios-tecnologia-de-la-informacion-ti","9":"product_cat-multimidia","10":"product_cat-productividad","12":"first","13":"instock","14":"shipping-taxable","15":"purchasable","16":"product-type-simple"},"acf":[],"_links":{"self":[{"href":"https:\/\/software.com.mx\/en\/wp-json\/wp\/v2\/product\/157684","targetHints":{"allow":["GET"]}}],"collection":[{"href":"https:\/\/software.com.mx\/en\/wp-json\/wp\/v2\/product"}],"about":[{"href":"https:\/\/software.com.mx\/en\/wp-json\/wp\/v2\/types\/product"}],"replies":[{"embeddable":true,"href":"https:\/\/software.com.mx\/en\/wp-json\/wp\/v2\/comments?post=157684"}],"wp:featuredmedia":[{"embeddable":true,"href":"https:\/\/software.com.mx\/en\/wp-json\/wp\/v2\/media\/157685"}],"wp:attachment":[{"href":"https:\/\/software.com.mx\/en\/wp-json\/wp\/v2\/media?parent=157684"}],"wp:term":[{"taxonomy":"segmento","embeddable":true,"href":"https:\/\/software.com.mx\/en\/wp-json\/wp\/v2\/segmento?post=157684"},{"taxonomy":"product_cat","embeddable":true,"href":"https:\/\/software.com.mx\/en\/wp-json\/wp\/v2\/product_cat?post=157684"},{"taxonomy":"product_tag","embeddable":true,"href":"https:\/\/software.com.mx\/en\/wp-json\/wp\/v2\/product_tag?post=157684"}],"curies":[{"name":"wp","href":"https:\/\/api.w.org\/{rel}","templated":true}]}}